{"id":29880,"date":"2025-02-15T13:57:22","date_gmt":"2025-02-15T11:57:22","guid":{"rendered":"https:\/\/apokardias-farmers.com\/refund_returns\/"},"modified":"2025-09-15T13:09:22","modified_gmt":"2025-09-15T10:09:22","slug":"refund_returns","status":"publish","type":"page","link":"https:\/\/apokardias-farmers.com\/de\/refund_returns\/","title":{"rendered":"WIDERRUFSRECHT"},"content":{"rendered":"\t\t<div data-elementor-type=\"wp-page\" data-elementor-id=\"29880\" class=\"elementor elementor-29880 elementor-12\">\n\t\t\t\t\t\t<section class=\"wd-negative-gap elementor-section elementor-top-section elementor-element elementor-element-2044aab0 elementor-section-boxed elementor-section-height-default elementor-section-height-default\" data-id=\"2044aab0\" data-element_type=\"section\">\n\t\t\t\t\t\t<div class=\"elementor-container elementor-column-gap-default\">\n\t\t\t\t\t<div class=\"elementor-column elementor-col-50 elementor-top-column elementor-element elementor-element-37e9ecc5\" data-id=\"37e9ecc5\" data-element_type=\"column\">\n\t\t\t<div class=\"elementor-widget-wrap elementor-element-populated\">\n\t\t\t\t\t\t<div class=\"elementor-element elementor-element-12c1d705 wd-width-100 elementor-widget elementor-widget-wd_title\" data-id=\"12c1d705\" data-element_type=\"widget\" data-widget_type=\"wd_title.default\">\n\t\t\t\t<div class=\"elementor-widget-container\">\n\t\t\t\t\t\t\t<div class=\"title-wrapper wd-set-mb reset-last-child wd-title-color-default wd-title-style-default wd-title-size-large text-left\">\n\n\t\t\t\n\t\t\t<div class=\"liner-continer\">\n\t\t\t\t<h4 class=\"woodmart-title-container title wd-fontsize-xxl\">Im Schadensfall k\u00f6nnen Sie zur\u00fccktreten<\/h4> \n\t\t\t\t\t\t\t<\/div>\n\n\t\t\t\t\t<\/div>\n\t\t\t\t\t\t<\/div>\n\t\t\t\t<\/div>\n\t\t\t\t<div class=\"elementor-element elementor-element-77f7504 elementor-widget elementor-widget-wd_text_block\" data-id=\"77f7504\" data-element_type=\"widget\" data-widget_type=\"wd_text_block.default\">\n\t\t\t\t<div class=\"elementor-widget-container\">\n\t\t\t\t\t\t\t<div class=\"wd-text-block reset-last-child text-left\">\n\t\t\t\n\t\t\t<p>Wenn Sie eine nat\u00fcrliche Person sind und Ihr Kauf f\u00fcr den pers\u00f6nlichen Gebrauch bestimmt ist, haben Sie das Recht, innerhalb von 14 Kalendertagen vom Kaufvertrag zur\u00fcckzutreten, indem Sie das Produkt an uns zur\u00fccksenden.<br \/>Dieses Recht gilt, sofern sich das Produkt im Originalzustand befindet.<\/p><p>Die R\u00fccksendung erfolgt auf Ihre Kosten und innerhalb von 14 Kalendertagen ab dem Kaufdatum. Voraussetzung ist das Ausf\u00fcllen des Widerrufsformulars, das Sie hier finden.<br \/>Nach Ablauf von vierzehn (14) Kalendertagen ab Erhalt des Produkts gilt der Widerruf als versp\u00e4tet. Falls das Produkt verwendet wurde und seinen Wert verloren hat, f\u00e4llt der Betrag, den wir Ihnen erstatten, geringer aus.<\/p><p>Das Widerrufsrecht gilt nicht f\u00fcr F\u00e4lle, die von der geltenden Gesetzgebung ausgeschlossen sind, oder f\u00fcr Produkte, die nicht zum Weiterverkauf geeignet sind, wenn sie entsiegelt und\/oder verwendet wurden.<\/p><p>Falls Sie der Meinung sind, dass Ihrem Anliegen nicht entsprochen wurde, k\u00f6nnen Sie sich an die Verbraucherschlichtungsstelle wenden und eine Beschwerde einreichen.<\/p>\n\t\t\t\t\t<\/div>\n\t\t\t\t\t\t<\/div>\n\t\t\t\t<\/div>\n\t\t\t\t\t<\/div>\n\t\t<\/div>\n\t\t\t\t<div class=\"elementor-column elementor-col-50 elementor-top-column elementor-element elementor-element-290c4302\" data-id=\"290c4302\" data-element_type=\"column\" data-settings=\"{&quot;background_background&quot;:&quot;classic&quot;}\">\n\t\t\t<div class=\"elementor-widget-wrap elementor-element-populated\">\n\t\t\t\t\t\t<div class=\"elementor-element elementor-element-1d1ce27a wd-width-100 elementor-widget elementor-widget-wd_title\" data-id=\"1d1ce27a\" data-element_type=\"widget\" data-widget_type=\"wd_title.default\">\n\t\t\t\t<div class=\"elementor-widget-container\">\n\t\t\t\t\t\t\t<div class=\"title-wrapper wd-set-mb reset-last-child wd-title-color-default wd-title-style-default wd-title-size-large text-left\">\n\n\t\t\t\n\t\t\t<div class=\"liner-continer\">\n\t\t\t\t<h4 class=\"woodmart-title-container title wd-fontsize-xxl\">F\u00fcllen Sie das Formular aus<\/h4> \n\t\t\t\t\t\t\t<\/div>\n\n\t\t\t\t\t<\/div>\n\t\t\t\t\t\t<\/div>\n\t\t\t\t<\/div>\n\t\t\t\t<div class=\"elementor-element elementor-element-155cbf72 wd-cf7 elementor-widget elementor-widget-wd_contact_form_7\" data-id=\"155cbf72\" data-element_type=\"widget\" data-widget_type=\"wd_contact_form_7.default\">\n\t\t\t\t<div class=\"elementor-widget-container\">\n\t\t\t\t\t\n<div class=\"wpcf7 no-js\" id=\"wpcf7-f28083-o1\" lang=\"el\" dir=\"ltr\" data-wpcf7-id=\"28083\">\n<div class=\"screen-reader-response\"><p role=\"status\" aria-live=\"polite\" aria-atomic=\"true\"><\/p> <ul><\/ul><\/div>\n<form action=\"\/de\/wp-json\/wp\/v2\/pages\/29880#wpcf7-f28083-o1\" method=\"post\" class=\"wpcf7-form init\" aria-label=\"\u03a6\u03cc\u03c1\u03bc\u03b1 \u03b5\u03c0\u03b9\u03ba\u03bf\u03b9\u03bd\u03c9\u03bd\u03af\u03b1\u03c2\" novalidate=\"novalidate\" data-status=\"init\">\n<fieldset class=\"hidden-fields-container\"><input type=\"hidden\" name=\"_wpcf7\" value=\"28083\" \/><input type=\"hidden\" name=\"_wpcf7_version\" value=\"6.1.1\" \/><input type=\"hidden\" name=\"_wpcf7_locale\" value=\"el\" \/><input type=\"hidden\" name=\"_wpcf7_unit_tag\" value=\"wpcf7-f28083-o1\" \/><input type=\"hidden\" name=\"_wpcf7_container_post\" value=\"0\" \/><input type=\"hidden\" name=\"_wpcf7_posted_data_hash\" value=\"\" \/>\n<\/fieldset>\n<div class=\"elementor-section elementor-top-section elementor-element elementor-section-gap-narrow elementor-section-content-top elementor-section-boxed elementor-section-height-default elementor-section-height-default apokardepisform\">\n\t<div class=\"elementor-column elementor-col-50 elementor-top-column elementor-element\">\n\t\t<div class=\"elementor-widget-wrap elementor-element-populated\">\n\t\t\t<div class=\"orth-epis\">\n\t\t\t\t<p><label> \u03a4\u03bf \u03cc\u03bd\u03bf\u03bc\u03ac \u03c3\u03b1\u03c2<br \/>\n<span class=\"wpcf7-form-control-wrap\" data-name=\"episname\"><input size=\"40\" maxlength=\"400\" class=\"wpcf7-form-control wpcf7-text wpcf7-validates-as-required\" aria-required=\"true\" aria-invalid=\"false\" value=\"\" type=\"text\" name=\"episname\" \/><\/span> <\/label>\n\t\t\t\t<\/p>\n\t\t\t<\/div>\n\t\t\t<div class=\"orth-epis\">\n\t\t\t\t<p><label> \u0394\u03b9\u03b5\u03c5\u03b8\u03c5\u03bd\u03c3\u03b7<br \/>\n<span class=\"wpcf7-form-control-wrap\" data-name=\"episaddr\"><input size=\"40\" maxlength=\"400\" class=\"wpcf7-form-control wpcf7-text wpcf7-validates-as-required\" aria-required=\"true\" aria-invalid=\"false\" value=\"\" type=\"text\" name=\"episaddr\" \/><\/span> <\/label>\n\t\t\t\t<\/p>\n\t\t\t<\/div>\n\t\t\t<div class=\"orth-epis\">\n\t\t\t\t<p><label> \u03a4\u03bf email \u03c3\u03b1\u03c2<br \/>\n<span class=\"wpcf7-form-control-wrap\" data-name=\"episemail\"><input size=\"40\" maxlength=\"400\" class=\"wpcf7-form-control wpcf7-email wpcf7-validates-as-required wpcf7-text wpcf7-validates-as-email\" aria-required=\"true\" aria-invalid=\"false\" value=\"\" type=\"email\" name=\"episemail\" \/><\/span> <\/label>\n\t\t\t\t<\/p>\n\t\t\t<\/div>\n\t\t<\/div>\n\t<\/div>\n\t<div class=\"elementor-column elementor-col-50 elementor-top-column elementor-element\">\n\t\t<div class=\"elementor-widget-wrap elementor-element-populated\">\n\t\t\t<div class=\"orth-epis\">\n\t\t\t\t<p><label> \u03a4\u03b1\u03c7. \u039a\u03ce\u03b4\u03b9\u03ba\u03b1\u03c2<br \/>\n<span class=\"wpcf7-form-control-wrap\" data-name=\"episcode\"><input size=\"40\" maxlength=\"400\" class=\"wpcf7-form-control wpcf7-text wpcf7-validates-as-required\" aria-required=\"true\" aria-invalid=\"false\" value=\"\" type=\"text\" name=\"episcode\" \/><\/span> <\/label>\n\t\t\t\t<\/p>\n\t\t\t<\/div>\n\t\t\t<div class=\"orth-epis\">\n\t\t\t\t<p><label> \u03a0\u03cc\u03bb\u03b7<br \/>\n<span class=\"wpcf7-form-control-wrap\" data-name=\"epipoli\"><input size=\"40\" maxlength=\"400\" class=\"wpcf7-form-control wpcf7-text wpcf7-validates-as-required\" aria-required=\"true\" aria-invalid=\"false\" value=\"\" type=\"text\" name=\"epipoli\" \/><\/span> <\/label>\n\t\t\t\t<\/p>\n\t\t\t<\/div>\n\t\t\t<div class=\"orth-epis orthwarn\">\n\t\t\t\t<p><label> \u0391\u03c1. \u03a0\u03b1\u03c1\u03b1\u03b3\u03b3\u03b5\u03bb\u03af\u03b1\u03c2<br \/>\n<span class=\"wpcf7-form-control-wrap\" data-name=\"episid\"><input size=\"40\" maxlength=\"400\" class=\"wpcf7-form-control wpcf7-text wpcf7-validates-as-required\" aria-required=\"true\" aria-invalid=\"false\" value=\"\" type=\"text\" name=\"episid\" \/><\/span> <\/label>\n\t\t\t\t<\/p>\n\t\t\t<\/div>\n\t\t<\/div>\n\t<\/div>\n<\/div>\n<div class=\"elementor-section elementor-top-section elementor-element elementor-section-gap-wide elementor-section-content-middle elementor-section-boxed elementor-section-height-default elementor-section-height-default apokardiasp\">\n\t<div class=\"elementor-container elementor-column-gap-wide\">\n\t\t<div class=\"elementor-column elementor-col-100 elementor-top-column elementor-element\">\n\t\t\t<div class=\"elementor-widget-wrap elementor-element-populated\">\n\t\t\t\t<h3><br \/>\n\u039f\u03b4\u03b7\u03b3\u03af\u03b5\u03c2 \u03a3\u03c5\u03bc\u03c0\u03bb\u03ae\u03c1\u03c9\u03c3\u03b7\u03c2 \u03a6\u03cc\u03c1\u03bc\u03b1\u03c2 \u0395\u03c0\u03b9\u03c3\u03c4\u03c1\u03bf\u03c6\u03ae\u03c2 \u03a0\u03c1\u03bf\u03b9\u03cc\u03bd\u03c4\u03c9\u03bd:\n\t\t\t\t<\/h3>\n\t\t\t\t<p><br \/>\n\u03a0\u03b1\u03c1\u03b1\u03ba\u03b1\u03bb\u03bf\u03cd\u03bc\u03b5 \u03b1\u03c6\u03b9\u03b5\u03c1\u03ce\u03c3\u03c4\u03b5 \u03bb\u03af\u03b3\u03bf \u03c7\u03c1\u03cc\u03bd\u03bf \u03ba\u03b1\u03b9 \u03c3\u03c5\u03bc\u03c0\u03bb\u03b7\u03c1\u03ce\u03c3\u03c4\u03b5 \u03c4\u03b1 \u03c3\u03c4\u03bf\u03b9\u03c7\u03b5\u03af\u03b1 \u03c3\u03b1\u03c2 \u03ba\u03b1\u03b8\u03c9\u03c2 \u03ba\u03b1\u03b9 \u03c4\u03b1 \u03c0\u03b1\u03c1\u03b1\u03ba\u03ac\u03c4\u03c9 \u03c0\u03b5\u03b4\u03af\u03b1 \u03c3\u03c7\u03b5\u03c4\u03b9\u03ba\u03ac \u03bc\u03b5 \u03c4\u03b1 \u03c0\u03c1\u03bf\u03b9\u03cc\u03bd\u03c4\u03b1 \u03c0\u03bf\u03c5 \u03b8\u03ad\u03bb\u03b5\u03c4\u03b5 \u03bd\u03b1 \u03b5\u03c0\u03b9\u03c3\u03c4\u03c1\u03ad\u03c8\u03b5\u03c4\u03b5.\n\t\t\t\t<\/p>\n\t\t\t\t<p>\u0395\u03af\u03bd\u03b1\u03b9 \u03c3\u03b7\u03bc\u03b1\u03bd\u03c4\u03b9\u03ba\u03cc \u03bd\u03b1 \u03b5\u03c0\u03b9\u03bb\u03ad\u03be\u03b5\u03c4\u03b5 \u03c4\u03bf \u03bb\u03cc\u03b3\u03bf \u03b3\u03b9\u03b1 \u03c4\u03bf\u03bd \u03bf\u03c0\u03bf\u03af\u03bf \u03b5\u03c0\u03b9\u03b8\u03c5\u03bc\u03b5\u03af\u03c4\u03b5 \u03c4\u03b7\u03bd \u03b5\u03c0\u03b9\u03c3\u03c4\u03c1\u03bf\u03c6\u03ae \u03c4\u03bf\u03c5 \u03ba\u03ac\u03b8\u03b5 \u03c0\u03c1\u03bf\u03ca\u03cc\u03bd\u03c4\u03bf\u03c2 (\u03c3\u03c4\u03ae\u03bb\u03b7 1 \u03c0\u03b1\u03c1\u03b1\u03ba\u03ac\u03c4\u03c9)\n\t\t\t\t<\/p>\n\t\t\t<\/div>\n\t\t<\/div>\n\t<\/div>\n<\/div>\n<div class=\"elementor-section elementor-top-section elementor-element elementor-section-gap-wide elementor-section-content-middle elementor-section-boxed elementor-section-height-default elementor-section-height-default apokardiasp\">\n\t<div class=\"elementor-container elementor-column-gap-wide\">\n\t\t<div class=\"elementor-column elementor-col-100 elementor-top-column elementor-element\">\n\t\t\t<div class=\"elementor-widget-wrap elementor-element-populated\">\n\t\t\t\t<h4><br \/>\n\u03a3\u03c5\u03bc\u03c0\u03bb\u03b7\u03c1\u03ce\u03c3\u03c4\u03b5 \u03c4\u03bf \u039b\u03bf\u03b3\u03b1\u03c1\u03b9\u03b1\u03c3\u03bc\u03cc \u03c4\u03b7\u03c2 \u03c4\u03c1\u03b1\u03c0\u03b5\u03b6\u03ac\u03c2 \u03c3\u03b1\u03c2 \u03b3\u03b9\u03b1 \u03bd\u03b1 \u03b3\u03af\u03bd\u03b5\u03b9 \u03ba\u03b1\u03c4\u03ac\u03b8\u03b5\u03c3\u03b7.\n\t\t\t\t<\/h4>\n\t\t\t\t<p><br \/>\n\u0397 \u03ba\u03b1\u03c4\u03ac\u03b8\u03b5\u03c3\u03b7 \u03b8\u03b1 \u03c0\u03c1\u03b1\u03b3\u03bc\u03b1\u03c4\u03bf\u03c0\u03bf\u03b9\u03b7\u03b8\u03b5\u03af, \u03b1\u03c6\u03bf\u03cd \u03b5\u03be\u03b5\u03c4\u03b1\u03c3\u03b8\u03b5\u03af\/\u03bf\u03cd\u03bd \u03c4\u03b1 \u03c0\u03c1\u03bf\u03ca\u03cc\u03bd\u03c4\u03b1 \u03ba\u03b1\u03b9 \u03b5\u03c6\u03cc\u03c3\u03bf\u03bd \u03b9\u03c3\u03c7\u03cd\u03bf\u03c5\u03bd \u03bf\u03b9 \u03cc\u03c1\u03bf\u03b9 \u03ba\u03b1\u03b9 \u03bf\u03b9 \u03c0\u03c1\u03bf\u03c5\u03c0\u03bf\u03b8\u03ad\u03c3\u03b5\u03b9\u03c2 \u03c0\u03bf\u03c5 \u03c0\u03b5\u03c1\u03b9\u03b3\u03c1\u03ac\u03c6\u03bf\u03bd\u03c4\u03b1\u03b9 \u03c0\u03b1\u03c1\u03b1\u03c0\u03ac\u03bd\u03c9.\n\t\t\t\t<\/p>\n\t\t\t<\/div>\n\t\t<\/div>\n\t<\/div>\n<\/div>\n<div class=\"elementor-section elementor-top-section elementor-element elementor-section-gap-wide elementor-section-content-middle elementor-section-boxed elementor-section-height-default elementor-section-height-default apokardiasp\">\n\t<div class=\"elementor-container elementor-column-gap-wide\">\n\t\t<div class=\"elementor-column elementor-col-100 elementor-top-column elementor-element orthoban\">\n\t\t\t<div class=\"elementor-widget-wrap elementor-element-populated\">\n\t\t\t\t<h4><br \/>\n\u0399\u0392\u0391\u039d (\u039a\u03c9\u03b4\u03b9\u03ba\u03cc\u03c2 \u03a7\u03ce\u03c1\u03b1\u03c2, \u03c0.\u03c7 GR \u03ba\u03b1\u03b9 \u03c3\u03c4\u03b7\u03bd \u03c3\u03c5\u03bd\u03ad\u03c7\u03b5\u03b9\u03b1 \u03c4\u03bf 25\u03c8\u03b7\u03c6\u03b9\u03bf \u03bd\u03bf\u03cd\u03bc\u03b5\u03c1\u03bf)\n\t\t\t\t<\/h4>\n\t\t\t\t<p><span><span class=\"wpcf7-form-control-wrap\" data-name=\"episiban\"><input size=\"40\" maxlength=\"400\" class=\"wpcf7-form-control wpcf7-text wpcf7-validates-as-required\" aria-required=\"true\" aria-invalid=\"false\" value=\"\" type=\"text\" name=\"episiban\" \/><\/span><\/span>\n\t\t\t\t<\/p>\n\t\t\t<\/div>\n\t\t<\/div>\n\t<\/div>\n<\/div>\n<div class=\"elementor-section elementor-top-section elementor-element elementor-section-gap-narrow elementor-section-content-top elementor-section-boxed elementor-section-height-default elementor-section-height-default apokrdiastable\">\n\t<div class=\"elementor-column elementor-col-20 elementor-top-column elementor-element\">\n\t\t<div class=\"elementor-widget-wrap elementor-element-populated\">\n\t\t\t<p><span>\u0391\u03b9\u03c4\u03af\u03b1 \u0395\u03c0\u03b9\u03c3\u03c4\u03c1\u03bf\u03c6\u03ae\u03c2<\/span>\n\t\t\t<\/p>\n\t\t<\/div>\n\t<\/div>\n\t<div class=\"elementor-column elementor-col-50 elementor-top-column elementor-element\">\n\t\t<div class=\"elementor-widget-wrap elementor-element-populated\">\n\t\t\t<p><span>\u03a0\u03c1\u03bf\u03b9\u03cc\u03bd<\/span>\n\t\t\t<\/p>\n\t\t<\/div>\n\t<\/div>\n\t<div class=\"elementor-column elementor-col-30 elementor-top-column elementor-element\">\n\t\t<div class=\"elementor-widget-wrap elementor-element-populated\">\n\t\t\t<p><span>\u03a3\u03c7\u03cc\u03bb\u03b9\u03b1<\/span>\n\t\t\t<\/p>\n\t\t<\/div>\n\t<\/div>\n<\/div>\n<div class=\"elementor-section elementor-top-section elementor-element elementor-section-gap-narrow elementor-section-content-top elementor-section-boxed elementor-section-height-default elementor-section-height-default apokrdiastablerow\">\n\t<div class=\"elementor-column elementor-col-20 elementor-top-column elementor-element\">\n\t\t<div class=\"elementor-widget-wrap elementor-element-populated\">\n\t\t\t<p><span class=\"wpcf7-form-control-wrap\" data-name=\"menu-230\"><select class=\"wpcf7-form-control wpcf7-select wpcf7-validates-as-required fthora\" aria-required=\"true\" aria-invalid=\"false\" name=\"menu-230\"><option value=\"\">&#8212;\u039a\u03ac\u03bd\u03c4\u03b5 \u03bc\u03b9\u03b1 \u03b5\u03c0\u03b9\u03bb\u03bf\u03b3\u03ae&#8212;<\/option><option value=\"\u03a6\u03b8\u03bf\u03c1\u03ac\">\u03a6\u03b8\u03bf\u03c1\u03ac<\/option><option value=\"\u039b\u03ac\u03b8\u03bf\u03c2 \u039c\u03ad\u03b3\u03b5\u03b8\u03bf\u03c2\">\u039b\u03ac\u03b8\u03bf\u03c2 \u039c\u03ad\u03b3\u03b5\u03b8\u03bf\u03c2<\/option><option value=\"\u0394\u03b9\u03b1\u03c6\u03bf\u03c1\u03b5\u03c4\u03b9\u03ba\u03cc \u03a0\u03c1\u03bf\u03ca\u03bf\u03bd\">\u0394\u03b9\u03b1\u03c6\u03bf\u03c1\u03b5\u03c4\u03b9\u03ba\u03cc \u03a0\u03c1\u03bf\u03ca\u03bf\u03bd<\/option><\/select><\/span>\n\t\t\t<\/p>\n\t\t<\/div>\n\t<\/div>\n\t<div class=\"elementor-column elementor-col-50 elementor-top-column elementor-element\">\n\t\t<div class=\"elementor-widget-wrap elementor-element-populated\">\n\t\t\t<p><span class=\"wpcf7-form-control-wrap\" data-name=\"text-88\"><input size=\"40\" maxlength=\"400\" class=\"wpcf7-form-control wpcf7-text wpcf7-validates-as-required\" aria-required=\"true\" aria-invalid=\"false\" value=\"\" type=\"text\" name=\"text-88\" \/><\/span>\n\t\t\t<\/p>\n\t\t<\/div>\n\t<\/div>\n\t<div class=\"elementor-column elementor-col-30 elementor-top-column elementor-element\">\n\t\t<div class=\"elementor-widget-wrap elementor-element-populated\">\n\t\t\t<p><span class=\"wpcf7-form-control-wrap\" data-name=\"text-90\"><input size=\"40\" maxlength=\"400\" class=\"wpcf7-form-control wpcf7-text wpcf7-validates-as-required\" aria-required=\"true\" aria-invalid=\"false\" value=\"\" type=\"text\" name=\"text-90\" \/><\/span>\n\t\t\t<\/p>\n\t\t<\/div>\n\t<\/div>\n<\/div>\n<div class=\"elementor-section elementor-top-section elementor-element elementor-section-gap-narrow elementor-section-content-top elementor-section-boxed elementor-section-height-default elementor-section-height-default apokrdiastablerow\">\n\t<div class=\"elementor-column elementor-col-20 elementor-top-column elementor-element\">\n\t\t<div class=\"elementor-widget-wrap elementor-element-populated\">\n\t\t\t<p><span class=\"wpcf7-form-control-wrap\" data-name=\"menu-235\"><select class=\"wpcf7-form-control wpcf7-select wpcf7-validates-as-required fthora\" aria-required=\"true\" aria-invalid=\"false\" name=\"menu-235\"><option value=\"\">&#8212;\u039a\u03ac\u03bd\u03c4\u03b5 \u03bc\u03b9\u03b1 \u03b5\u03c0\u03b9\u03bb\u03bf\u03b3\u03ae&#8212;<\/option><option value=\"\u03a6\u03b8\u03bf\u03c1\u03ac\">\u03a6\u03b8\u03bf\u03c1\u03ac<\/option><option value=\"\u039b\u03ac\u03b8\u03bf\u03c2 \u039c\u03ad\u03b3\u03b5\u03b8\u03bf\u03c2\">\u039b\u03ac\u03b8\u03bf\u03c2 \u039c\u03ad\u03b3\u03b5\u03b8\u03bf\u03c2<\/option><option value=\"\u0394\u03b9\u03b1\u03c6\u03bf\u03c1\u03b5\u03c4\u03b9\u03ba\u03cc \u03a0\u03c1\u03bf\u03ca\u03bf\u03bd\">\u0394\u03b9\u03b1\u03c6\u03bf\u03c1\u03b5\u03c4\u03b9\u03ba\u03cc \u03a0\u03c1\u03bf\u03ca\u03bf\u03bd<\/option><\/select><\/span>\n\t\t\t<\/p>\n\t\t<\/div>\n\t<\/div>\n\t<div class=\"elementor-column elementor-col-50 elementor-top-column elementor-element\">\n\t\t<div class=\"elementor-widget-wrap elementor-element-populated\">\n\t\t\t<p><span class=\"wpcf7-form-control-wrap\" data-name=\"text-95\"><input size=\"40\" maxlength=\"400\" class=\"wpcf7-form-control wpcf7-text wpcf7-validates-as-required\" aria-required=\"true\" aria-invalid=\"false\" value=\"\" type=\"text\" name=\"text-95\" \/><\/span>\n\t\t\t<\/p>\n\t\t<\/div>\n\t<\/div>\n\t<div class=\"elementor-column elementor-col-30 elementor-top-column elementor-element\">\n\t\t<div class=\"elementor-widget-wrap elementor-element-populated\">\n\t\t\t<p><span class=\"wpcf7-form-control-wrap\" data-name=\"text-100\"><input size=\"40\" maxlength=\"400\" class=\"wpcf7-form-control wpcf7-text wpcf7-validates-as-required\" aria-required=\"true\" aria-invalid=\"false\" value=\"\" type=\"text\" name=\"text-100\" \/><\/span>\n\t\t\t<\/p>\n\t\t<\/div>\n\t<\/div>\n<\/div>\n<div class=\"elementor-section elementor-top-section elementor-element elementor-section-gap-narrow elementor-section-content-top elementor-section-boxed elementor-section-height-default elementor-section-height-default ortheptablerow apokrdiastablerow\">\n\t<div class=\"elementor-column elementor-col-20 elementor-top-column elementor-element\">\n\t\t<div class=\"elementor-widget-wrap elementor-element-populated\">\n\t\t\t<p><span class=\"wpcf7-form-control-wrap\" data-name=\"menu-240\"><select class=\"wpcf7-form-control wpcf7-select wpcf7-validates-as-required fthora\" aria-required=\"true\" aria-invalid=\"false\" name=\"menu-240\"><option value=\"\">&#8212;\u039a\u03ac\u03bd\u03c4\u03b5 \u03bc\u03b9\u03b1 \u03b5\u03c0\u03b9\u03bb\u03bf\u03b3\u03ae&#8212;<\/option><option value=\"\u03a6\u03b8\u03bf\u03c1\u03ac\">\u03a6\u03b8\u03bf\u03c1\u03ac<\/option><option value=\"\u039b\u03ac\u03b8\u03bf\u03c2 \u039c\u03ad\u03b3\u03b5\u03b8\u03bf\u03c2\">\u039b\u03ac\u03b8\u03bf\u03c2 \u039c\u03ad\u03b3\u03b5\u03b8\u03bf\u03c2<\/option><option value=\"\u0394\u03b9\u03b1\u03c6\u03bf\u03c1\u03b5\u03c4\u03b9\u03ba\u03cc \u03a0\u03c1\u03bf\u03ca\u03bf\u03bd\">\u0394\u03b9\u03b1\u03c6\u03bf\u03c1\u03b5\u03c4\u03b9\u03ba\u03cc \u03a0\u03c1\u03bf\u03ca\u03bf\u03bd<\/option><\/select><\/span>\n\t\t\t<\/p>\n\t\t<\/div>\n\t<\/div>\n\t<div class=\"elementor-column elementor-col-50 elementor-top-column elementor-element\">\n\t\t<div class=\"elementor-widget-wrap elementor-element-populated\">\n\t\t\t<p><span class=\"wpcf7-form-control-wrap\" data-name=\"text-105\"><input size=\"40\" maxlength=\"400\" class=\"wpcf7-form-control wpcf7-text wpcf7-validates-as-required\" aria-required=\"true\" aria-invalid=\"false\" value=\"\" type=\"text\" name=\"text-105\" \/><\/span>\n\t\t\t<\/p>\n\t\t<\/div>\n\t<\/div>\n\t<div class=\"elementor-column elementor-col-30 elementor-top-column elementor-element\">\n\t\t<div class=\"elementor-widget-wrap elementor-element-populated\">\n\t\t\t<p><span class=\"wpcf7-form-control-wrap\" data-name=\"text-110\"><input size=\"40\" maxlength=\"400\" class=\"wpcf7-form-control wpcf7-text wpcf7-validates-as-required\" aria-required=\"true\" aria-invalid=\"false\" value=\"\" type=\"text\" name=\"text-110\" \/><\/span>\n\t\t\t<\/p>\n\t\t<\/div>\n\t<\/div>\n<\/div>\n<div class=\"elementor-section elementor-top-section elementor-element elementor-section-gap-narrow elementor-section-content-top elementor-section-boxed elementor-section-height-default elementor-section-height-default ortheptablerow apokardiassubmit\">\n\t<div class=\"elementor-column elementor-col-50 elementor-top-column elementor-element\">\n\t\t<div class=\"elementor-widget-wrap elementor-element-populated\">\n\t\t\t<p><input class=\"wpcf7-form-control wpcf7-submit has-spinner\" type=\"submit\" value=\"\u03a5\u03c0\u03bf\u03b2\u03bf\u03bb\u03ae\" \/>\n\t\t\t<\/p>\n\t\t<\/div>\n\t<\/div>\n<\/div><div class=\"wpcf7-response-output\" aria-hidden=\"true\"><\/div>\n<\/form>\n<\/div>\n\t\t\t\t<\/div>\n\t\t\t\t<\/div>\n\t\t\t\t\t<\/div>\n\t\t<\/div>\n\t\t\t\t\t<\/div>\n\t\t<\/section>\n\t\t\t\t<\/div>\n\t\t","protected":false},"excerpt":{"rendered":"<p>Im Schadensfall k\u00f6nnen Sie zur\u00fccktreten Wenn Sie eine nat\u00fcrliche Person sind und Ihr Kauf f\u00fcr den pers\u00f6nlichen Gebrauch bestimmt ist,<\/p>\n","protected":false},"author":1,"featured_media":0,"parent":0,"menu_order":0,"comment_status":"closed","ping_status":"closed","template":"","meta":{"footnotes":""},"class_list":["post-29880","page","type-page","status-publish","hentry"],"_links":{"self":[{"href":"https:\/\/apokardias-farmers.com\/de\/wp-json\/wp\/v2\/pages\/29880","targetHints":{"allow":["GET"]}}],"collection":[{"href":"https:\/\/apokardias-farmers.com\/de\/wp-json\/wp\/v2\/pages"}],"about":[{"href":"https:\/\/apokardias-farmers.com\/de\/wp-json\/wp\/v2\/types\/page"}],"author":[{"embeddable":true,"href":"https:\/\/apokardias-farmers.com\/de\/wp-json\/wp\/v2\/users\/1"}],"replies":[{"embeddable":true,"href":"https:\/\/apokardias-farmers.com\/de\/wp-json\/wp\/v2\/comments?post=29880"}],"version-history":[{"count":0,"href":"https:\/\/apokardias-farmers.com\/de\/wp-json\/wp\/v2\/pages\/29880\/revisions"}],"wp:attachment":[{"href":"https:\/\/apokardias-farmers.com\/de\/wp-json\/wp\/v2\/media?parent=29880"}],"curies":[{"name":"wp","href":"https:\/\/api.w.org\/{rel}","templated":true}]}}