{"id":29299,"date":"2025-03-03T19:25:01","date_gmt":"2025-03-03T17:25:01","guid":{"rendered":"https:\/\/apokardias-farmers.com\/product\/exairetika-partheno-elaiolado-viologiko-fiali-750ml\/"},"modified":"2025-07-29T20:36:47","modified_gmt":"2025-07-29T17:36:47","slug":"exairetika-partheno-elaiolado-viologiko-fiali-750ml","status":"publish","type":"product","link":"https:\/\/apokardias-farmers.com\/de\/product\/exairetika-partheno-elaiolado-viologiko-fiali-750ml\/","title":{"rendered":"Natives Oliven\u00f6l Extra Bio Flasche 750 ml"},"content":{"rendered":"\t\t<div data-elementor-type=\"wp-post\" data-elementor-id=\"29299\" class=\"elementor elementor-29299 elementor-27500\">\n\t\t\t\t<div class=\"wd-negative-gap elementor-element elementor-element-9c02350 wd-section-stretch opacity-video-bg e-flex e-con-boxed e-con e-parent\" data-id=\"9c02350\" data-element_type=\"container\" data-settings=\"{&quot;background_background&quot;:&quot;classic&quot;}\">\n\t\t\t\t\t<div class=\"e-con-inner\">\n\t\t<div class=\"elementor-element elementor-element-b7155e6 e-con-full e-flex e-con e-child\" data-id=\"b7155e6\" data-element_type=\"container\" data-settings=\"{&quot;background_background&quot;:&quot;classic&quot;}\">\n\t\t\t\t<div class=\"elementor-element elementor-element-5f44517 wd-width-100 elementor-widget elementor-widget-wd_title\" data-id=\"5f44517\" data-element_type=\"widget\" data-widget_type=\"wd_title.default\">\n\t\t\t\t<div class=\"elementor-widget-container\">\n\t\t\t\t\t\t\t<div class=\"title-wrapper wd-set-mb reset-last-child wd-title-color-white wd-title-style-simple wd-title-size-extra-large text-center\">\n\n\t\t\t\t\t\t\t\t\t\t\t<div class=\"title-subtitle subtitle-color-white subtitle-style-default wd-fontsize-m\">\n\t\t\t\t\tNatives Oliven\u00f6l extra\t\t\t\t<\/div>\n\t\t\t\n\t\t\t<div class=\"liner-continer\">\n\t\t\t\t<h4 class=\"woodmart-title-container title wd-fontsize-xxxl\">Apo Kardias (Von Herzen)<\/h4> \n\t\t\t\t\t\t\t<\/div>\n\n\t\t\t\t\t\t\t<div class=\"title-after_title reset-last-child wd-fontsize-s\">\n\t\t\t\t\t<p>Entdecken Sie den authentischen Geschmack von kaltgepresstem Bio-Oliven\u00f6l der Sorte Koroneiki mit reichem Aroma und geringem S\u00e4uregehalt. 100 % nat\u00fcrlich und frei von Chemikalien.<\/p>\t\t\t\t<\/div>\n\t\t\t\t\t<\/div>\n\t\t\t\t\t\t<\/div>\n\t\t\t\t<\/div>\n\t\t\t\t<\/div>\n\t\t\t\t\t<\/div>\n\t\t\t\t<\/div>\n\t\t<div class=\"wd-negative-gap elementor-element elementor-element-916b037 e-flex e-con-boxed e-con e-parent\" data-id=\"916b037\" data-element_type=\"container\">\n\t\t\t\t\t<div class=\"e-con-inner\">\n\t\t<div class=\"elementor-element elementor-element-53bab98 e-con-full e-flex e-con e-child\" data-id=\"53bab98\" data-element_type=\"container\">\n\t\t\t\t<div class=\"elementor-element elementor-element-fe4ebac elementor-widget elementor-widget-wd_image_or_svg\" data-id=\"fe4ebac\" data-element_type=\"widget\" data-widget_type=\"wd_image_or_svg.default\">\n\t\t\t\t<div class=\"elementor-widget-container\">\n\t\t\t\t\t\n\t\t<div class=\"wd-image text-left\">\n\t\t\t\t\t\t\t\t<img fetchpriority=\"high\" decoding=\"async\" width=\"1000\" height=\"1000\" src=\"https:\/\/apokardias-farmers.com\/wp-content\/uploads\/2025\/02\/apo-kardias-sygkomidi01.jpg\" class=\"attachment-full size-full\" alt=\"\" srcset=\"https:\/\/apokardias-farmers.com\/wp-content\/uploads\/2025\/02\/apo-kardias-sygkomidi01.jpg 1000w, https:\/\/apokardias-farmers.com\/wp-content\/uploads\/2025\/02\/apo-kardias-sygkomidi01-430x430.jpg 430w, https:\/\/apokardias-farmers.com\/wp-content\/uploads\/2025\/02\/apo-kardias-sygkomidi01-150x150.jpg 150w, https:\/\/apokardias-farmers.com\/wp-content\/uploads\/2025\/02\/apo-kardias-sygkomidi01-700x700.jpg 700w, https:\/\/apokardias-farmers.com\/wp-content\/uploads\/2025\/02\/apo-kardias-sygkomidi01-300x300.jpg 300w, https:\/\/apokardias-farmers.com\/wp-content\/uploads\/2025\/02\/apo-kardias-sygkomidi01-800x800.jpg 800w, https:\/\/apokardias-farmers.com\/wp-content\/uploads\/2025\/02\/apo-kardias-sygkomidi01-768x768.jpg 768w\" sizes=\"(max-width: 1000px) 100vw, 1000px\" \/>\t\t\t\t\t<\/div>\n\n\t\t\t\t\t\t<\/div>\n\t\t\t\t<\/div>\n\t\t\t\t<\/div>\n\t\t<div class=\"elementor-element elementor-element-771f478 text-center e-con-full e-flex e-con e-child\" data-id=\"771f478\" data-element_type=\"container\">\n\t\t\t\t<div class=\"elementor-element elementor-element-128142a elementor-hidden-tablet elementor-hidden-mobile elementor-widget elementor-widget-wd_text_block\" data-id=\"128142a\" data-element_type=\"widget\" data-widget_type=\"wd_text_block.default\">\n\t\t\t\t<div class=\"elementor-widget-container\">\n\t\t\t\t\t\t\t<div class=\"wd-text-block reset-last-child text-center\">\n\t\t\t\n\t\t\t<p>Natives Oliven\u00f6l extra h\u00f6chster Qualit\u00e4t aus Koroni, Messenien<\/p>\n\t\t\t\t\t<\/div>\n\t\t\t\t\t\t<\/div>\n\t\t\t\t<\/div>\n\t\t\t\t<div class=\"elementor-element elementor-element-2d4e6b7 wd-width-100 elementor-widget elementor-widget-wd_title\" data-id=\"2d4e6b7\" data-element_type=\"widget\" data-widget_type=\"wd_title.default\">\n\t\t\t\t<div class=\"elementor-widget-container\">\n\t\t\t\t\t\t\t<div class=\"title-wrapper wd-set-mb reset-last-child wd-title-color-default wd-title-style-default wd-title-size-extra-large text-center\">\n\n\t\t\t\n\t\t\t<div class=\"liner-continer\">\n\t\t\t\t<h4 class=\"woodmart-title-container title wd-fontsize-xxxl\">Bio-Oliven\u00f6l der Sorte Koroneiki<\/h4> \n\t\t\t\t\t\t\t<\/div>\n\n\t\t\t\t\t\t\t<div class=\"title-after_title reset-last-child wd-fontsize-s\">\n\t\t\t\t\t<p>Unser 100 % natives Oliven\u00f6l aus den sonnenverw\u00f6hnten Olivenhainen von Koroni, Messenien, ist ein Beweis f\u00fcr Reinheit und Qualit\u00e4t. Unsere Oliven werden sorgf\u00e4ltig von Hand geerntet und zum optimalen Reifezeitpunkt ausgew\u00e4hlt, um einen reichen, weichen Geschmack mit einer perfekten Balance aus Fruchtigkeit und Pfeffernote zu gew\u00e4hrleisten. Diese traditionelle Erntemethode bewahrt die Integrit\u00e4t der Oliven und f\u00fchrt zu einem \u00d6l, das reich an Antioxidantien, herzgesunden einfach unges\u00e4ttigten Fetts\u00e4uren und essentiellen N\u00e4hrstoffen ist. Frei von Zusatzstoffen und kaltgepresst, um seine nat\u00fcrliche Qualit\u00e4t zu bewahren, verfeinert unser natives Oliven\u00f6l jedes Gericht mit seinem authentischen Geschmack und unterst\u00fctzt gleichzeitig einen gesunden Lebensstil.<\/p>\t\t\t\t<\/div>\n\t\t\t\t\t<\/div>\n\t\t\t\t\t\t<\/div>\n\t\t\t\t<\/div>\n\t\t<div class=\"wd-negative-gap elementor-element elementor-element-e1043cf e-flex e-con-boxed e-con e-child\" data-id=\"e1043cf\" data-element_type=\"container\">\n\t\t\t\t\t<div class=\"e-con-inner\">\n\t\t\t\t<div class=\"elementor-element elementor-element-1894716 elementor-widget__width-auto elementor-widget elementor-widget-wd_button\" data-id=\"1894716\" data-element_type=\"widget\" data-widget_type=\"wd_button.default\">\n\t\t\t\t<div class=\"elementor-widget-container\">\n\t\t\t\t\t\t\t<div class=\"wd-button-wrapper text-center\" >\n\t\t\t<a class=\"btn btn-style-bordered btn-shape-rectangle btn-size-default btn-icon-pos-right\"  href=\"#\">\n\t\t\t\t<span class=\"wd-btn-text\" data-elementor-setting-key=\"text\">\n\t\t\t\t\tERFAHREN SIE MEHR \u00dcBER UNS\t\t\t\t<\/span>\n\n\t\t\t\t\t\t\t<\/a>\n\t\t<\/div>\n\t\t\t\t\t\t<\/div>\n\t\t\t\t<\/div>\n\t\t\t\t\t<\/div>\n\t\t\t\t<\/div>\n\t\t\t\t<\/div>\n\t\t\t\t\t<\/div>\n\t\t\t\t<\/div>\n\t\t<div class=\"wd-negative-gap elementor-element elementor-element-915b705 wd-section-stretch e-flex e-con-boxed e-con e-parent\" data-id=\"915b705\" data-element_type=\"container\" data-settings=\"{&quot;background_background&quot;:&quot;classic&quot;}\">\n\t\t\t\t\t<div class=\"e-con-inner\">\n\t\t<div class=\"elementor-element elementor-element-964d270 text-center e-con-full e-flex e-con e-child\" data-id=\"964d270\" data-element_type=\"container\">\n\t\t\t\t<div class=\"elementor-element elementor-element-bfc2e17 wd-width-100 elementor-widget elementor-widget-wd_title\" data-id=\"bfc2e17\" data-element_type=\"widget\" data-widget_type=\"wd_title.default\">\n\t\t\t\t<div class=\"elementor-widget-container\">\n\t\t\t\t\t\t\t<div class=\"title-wrapper wd-set-mb reset-last-child wd-title-color-default wd-title-style-default wd-title-size-extra-large text-center\">\n\n\t\t\t\n\t\t\t<div class=\"liner-continer\">\n\t\t\t\t<h4 class=\"woodmart-title-container title wd-fontsize-xxxl\">Von Herzen \u2013 eine Gemeinschaft kleiner Produzenten, die ihr Land lieben.<\/h4> \n\t\t\t\t\t\t\t<\/div>\n\n\t\t\t\t\t\t\t<div class=\"title-after_title reset-last-child wd-fontsize-s\">\n\t\t\t\t\t<p>In einem kleinen Dorf in Messenien haben wir Kr\u00e4fte, Wissen und Leidenschaft geb\u00fcndelt, um ein natives Bio-Oliven\u00f6l extra herzustellen, das unseren Werten entspringt: der Pflege des Landes, traditionellen Wurzeln und modernen \u00f6kologischen Praktiken. Jeder Tropfen, den Sie auf unseren Seiten sehen, steht f\u00fcr unsere Zusammenarbeit, unsere Liebe zum Ort und die Vision, Ihnen die Produktion ohne Zwischenh\u00e4ndler n\u00e4her zu bringen \u2013 f\u00fcr eine Ern\u00e4hrung, die auch eine menschliche Verbindung hat.<\/p>\t\t\t\t<\/div>\n\t\t\t\t\t<\/div>\n\t\t\t\t\t\t<\/div>\n\t\t\t\t<\/div>\n\t\t\t\t<\/div>\n\t\t<div class=\"elementor-element elementor-element-75342f2 e-con-full e-flex e-con e-child\" data-id=\"75342f2\" data-element_type=\"container\">\n\t\t\t\t<div class=\"elementor-element elementor-element-416768d elementor-widget elementor-widget-wd_image_or_svg\" data-id=\"416768d\" data-element_type=\"widget\" data-widget_type=\"wd_image_or_svg.default\">\n\t\t\t\t<div class=\"elementor-widget-container\">\n\t\t\t\t\t\n\t\t<div class=\"wd-image text-left\">\n\t\t\t\t\t\t\t\t<img decoding=\"async\" width=\"1000\" height=\"1000\" src=\"https:\/\/apokardias-farmers.com\/wp-content\/uploads\/2025\/02\/apo-kardias-sygkomidi03.jpg\" class=\"attachment-full size-full\" alt=\"\" srcset=\"https:\/\/apokardias-farmers.com\/wp-content\/uploads\/2025\/02\/apo-kardias-sygkomidi03.jpg 1000w, https:\/\/apokardias-farmers.com\/wp-content\/uploads\/2025\/02\/apo-kardias-sygkomidi03-430x430.jpg 430w, https:\/\/apokardias-farmers.com\/wp-content\/uploads\/2025\/02\/apo-kardias-sygkomidi03-150x150.jpg 150w, https:\/\/apokardias-farmers.com\/wp-content\/uploads\/2025\/02\/apo-kardias-sygkomidi03-700x700.jpg 700w, https:\/\/apokardias-farmers.com\/wp-content\/uploads\/2025\/02\/apo-kardias-sygkomidi03-300x300.jpg 300w, https:\/\/apokardias-farmers.com\/wp-content\/uploads\/2025\/02\/apo-kardias-sygkomidi03-800x800.jpg 800w, https:\/\/apokardias-farmers.com\/wp-content\/uploads\/2025\/02\/apo-kardias-sygkomidi03-768x768.jpg 768w\" sizes=\"(max-width: 1000px) 100vw, 1000px\" \/>\t\t\t\t\t<\/div>\n\n\t\t\t\t\t\t<\/div>\n\t\t\t\t<\/div>\n\t\t\t\t<\/div>\n\t\t\t\t\t<\/div>\n\t\t\t\t<\/div>\n\t\t\t\t<\/div>\n\t\t","protected":false},"excerpt":{"rendered":"<p>Bio-Oliven\u00f6l extra vergine der Sorte Koroneiki<\/p>\n","protected":false},"featured_media":29722,"template":"","meta":[],"product_brand":[],"product_cat":[115],"product_tag":[],"class_list":{"0":"post-29299","1":"product","2":"type-product","3":"status-publish","4":"has-post-thumbnail","6":"product_cat-de-olivenol","8":"first","9":"instock","10":"sale","11":"taxable","12":"shipping-taxable","13":"purchasable","14":"product-type-simple"},"_links":{"self":[{"href":"https:\/\/apokardias-farmers.com\/de\/wp-json\/wp\/v2\/product\/29299","targetHints":{"allow":["GET"]}}],"collection":[{"href":"https:\/\/apokardias-farmers.com\/de\/wp-json\/wp\/v2\/product"}],"about":[{"href":"https:\/\/apokardias-farmers.com\/de\/wp-json\/wp\/v2\/types\/product"}],"version-history":[{"count":0,"href":"https:\/\/apokardias-farmers.com\/de\/wp-json\/wp\/v2\/product\/29299\/revisions"}],"wp:featuredmedia":[{"embeddable":true,"href":"https:\/\/apokardias-farmers.com\/de\/wp-json\/wp\/v2\/media\/29722"}],"wp:attachment":[{"href":"https:\/\/apokardias-farmers.com\/de\/wp-json\/wp\/v2\/media?parent=29299"}],"wp:term":[{"taxonomy":"product_brand","embeddable":true,"href":"https:\/\/apokardias-farmers.com\/de\/wp-json\/wp\/v2\/product_brand?post=29299"},{"taxonomy":"product_cat","embeddable":true,"href":"https:\/\/apokardias-farmers.com\/de\/wp-json\/wp\/v2\/product_cat?post=29299"},{"taxonomy":"product_tag","embeddable":true,"href":"https:\/\/apokardias-farmers.com\/de\/wp-json\/wp\/v2\/product_tag?post=29299"}],"curies":[{"name":"wp","href":"https:\/\/api.w.org\/{rel}","templated":true}]}}